{"id":5763,"date":"2020-08-20T17:50:18","date_gmt":"2020-08-20T17:50:18","guid":{"rendered":"https:\/\/omnifission.com\/qui-nous-sommes\/"},"modified":"2026-03-07T02:04:03","modified_gmt":"2026-03-07T02:04:03","slug":"qui-nous-sommes","status":"publish","type":"page","link":"https:\/\/omnifission.com\/fr\/qui-nous-sommes\/","title":{"rendered":"Qui nous sommes"},"content":{"rendered":"<p><div class=\"fusion-fullwidth fullwidth-box fusion-builder-row-1 fusion-flex-container nonhundred-percent-fullwidth non-hundred-percent-height-scrolling\" style=\"--awb-border-radius-top-left:0px;--awb-border-radius-top-right:0px;--awb-border-radius-bottom-right:0px;--awb-border-radius-bottom-left:0px;--awb-padding-top:50px;--awb-padding-bottom:15px;--awb-padding-top-medium:40px;--awb-padding-bottom-medium:48px;--awb-padding-top-small:0px;--awb-padding-bottom-small:20px;--awb-flex-wrap:wrap;\" ><div class=\"fusion-builder-row fusion-row fusion-flex-align-items-stretch fusion-flex-justify-content-center fusion-flex-content-wrap\" style=\"max-width:1310.4px;margin-left: calc(-4% \/ 2 );margin-right: calc(-4% \/ 2 );\"><div class=\"fusion-layout-column fusion_builder_column fusion-builder-column-0 fusion_builder_column_1_1 1_1 fusion-flex-column fusion-column-inner-bg-wrapper\" style=\"--awb-inner-bg-size:cover;--awb-width-large:100%;--awb-margin-top-large:20px;--awb-spacing-right-large:1.92%;--awb-margin-bottom-large:0px;--awb-spacing-left-large:1.92%;--awb-width-medium:66.666666666667%;--awb-order-medium:0;--awb-spacing-right-medium:2.88%;--awb-spacing-left-medium:2.88%;--awb-width-small:100%;--awb-order-small:0;--awb-spacing-right-small:1.92%;--awb-spacing-left-small:1.92%;\"><span class=\"fusion-column-inner-bg hover-type-zoomin\"><span class=\"fusion-column-anchor\"><span class=\"fusion-column-inner-bg-image\"><\/span><\/span><\/span><div class=\"fusion-column-wrapper fusion-column-has-shadow fusion-flex-justify-content-flex-start fusion-content-layout-column\"><div class=\"fusion-title title fusion-title-1 fusion-sep-none fusion-title-text fusion-title-size-one\"><h1 class=\"fusion-title-heading title-heading-left fusion-responsive-typography-calculated\" style=\"margin:0;--fontSize:60;line-height:1.16;\">Nous sommes Omnifission<\/h1><\/div><\/div><\/div><\/div><\/div><div class=\"fusion-fullwidth fullwidth-box fusion-builder-row-2 fusion-flex-container nonhundred-percent-fullwidth non-hundred-percent-height-scrolling\" style=\"--awb-border-radius-top-left:0px;--awb-border-radius-top-right:0px;--awb-border-radius-bottom-right:0px;--awb-border-radius-bottom-left:0px;--awb-padding-top:0px;--awb-padding-bottom:0px;--awb-padding-top-medium:40px;--awb-padding-bottom-medium:48px;--awb-padding-top-small:0px;--awb-padding-bottom-small:20px;--awb-margin-bottom:0px;--awb-flex-wrap:wrap;\" ><div class=\"fusion-builder-row fusion-row fusion-flex-align-items-stretch fusion-flex-justify-content-center fusion-flex-content-wrap\" style=\"max-width:1310.4px;margin-left: calc(-4% \/ 2 );margin-right: calc(-4% \/ 2 );\"><div class=\"fusion-layout-column fusion_builder_column fusion-builder-column-1 fusion_builder_column_2_5 2_5 fusion-flex-column fusion-flex-align-self-stretch fusion-column-inner-bg-wrapper\" style=\"--awb-padding-top:150px;--awb-padding-bottom:150px;--awb-overflow:hidden;--awb-inner-bg-color:#243d90;--awb-inner-bg-color-hover:#243d90;--awb-inner-bg-position:center center;--awb-inner-bg-blend:luminosity;--awb-inner-bg-size:cover;--awb-border-radius:16px 16px 16px 16px;--awb-inner-bg-border-radius:16px 16px 16px 16px;--awb-inner-bg-overflow:hidden;--awb-width-large:40%;--awb-margin-top-large:20px;--awb-spacing-right-large:30px;--awb-margin-bottom-large:20px;--awb-spacing-left-large:30px;--awb-width-medium:40%;--awb-order-medium:0;--awb-spacing-right-medium:30px;--awb-spacing-left-medium:30px;--awb-width-small:100%;--awb-order-small:0;--awb-margin-top-small:0px;--awb-spacing-right-small:1.92%;--awb-spacing-left-small:1.92%;\"><span class=\"fusion-column-inner-bg hover-type-zoomin\"><span class=\"fusion-column-anchor\"><span class=\"fusion-column-inner-bg-image lazyload\" data-bg=\"https:\/\/omnifission.com\/wp-content\/uploads\/Omnifission-Test-Facility-300x200.jpg\"><\/span><\/span><\/span><div class=\"fusion-column-wrapper fusion-column-has-shadow fusion-flex-justify-content-flex-start fusion-content-layout-row fusion-flex-align-items-stretch fusion-empty-column-bg-image fusion-column-has-bg-image\" data-bg-url=\"https:\/\/omnifission.com\/wp-content\/uploads\/Omnifission-Test-Facility-300x200.jpg\"><img decoding=\"async\" class=\"fusion-empty-dims-img-placeholder fusion-no-large-visibility fusion-no-medium-visibility\" src=\"data:image\/gif;base64,R0lGODlhAQABAAAAACH5BAEKAAEALAAAAAABAAEAAAICTAEAOw==\"><\/div><\/div><div class=\"fusion-layout-column fusion_builder_column fusion-builder-column-2 fusion_builder_column_3_5 3_5 fusion-flex-column\" style=\"--awb-bg-size:cover;--awb-width-large:60%;--awb-margin-top-large:20px;--awb-spacing-right-large:3.2%;--awb-margin-bottom-large:20px;--awb-spacing-left-large:3.2%;--awb-width-medium:66.666666666667%;--awb-order-medium:0;--awb-spacing-right-medium:2.88%;--awb-spacing-left-medium:2.88%;--awb-width-small:100%;--awb-order-small:0;--awb-spacing-right-small:1.92%;--awb-spacing-left-small:1.92%;\"><div class=\"fusion-column-wrapper fusion-column-has-shadow fusion-flex-justify-content-flex-start fusion-content-layout-column\"><div class=\"fusion-text fusion-text-1\" style=\"--awb-text-transform:none;\"><p><strong>Omnifission<\/strong> Inc. est une entreprise canadienne d\u2019ing\u00e9nierie et de fabrication offrant un service complet, qui fournit et assure l\u2019entretien de solutions de contr\u00f4le qualit\u00e9 pour plus de 160 usines de fabrication en Am\u00e9rique du Nord, en Am\u00e9rique latine et dans les Cara\u00efbes.<\/p>\n<p>Nos solutions propri\u00e9taires de contr\u00f4le qualit\u00e9 se trouvent sur des lignes de production dans les secteurs de la brasserie, de la distillation de spiritueux, des boissons, de l\u2019alimentation, des biens de consommation, de la pharmacie et de la p\u00e9trochimie. <strong>Omnifission<\/strong> Inc. est \u00e9galement propri\u00e9taire de FILTEC Canada et de FILTEC Caribbean et est le distributeur exclusif des pi\u00e8ces, machines et services FILTEC au Canada et dans les Cara\u00efbes.<\/p>\n<\/div><\/div><\/div><\/div><\/div><div class=\"fusion-fullwidth fullwidth-box fusion-builder-row-3 fusion-flex-container nonhundred-percent-fullwidth non-hundred-percent-height-scrolling\" style=\"--awb-border-radius-top-left:0px;--awb-border-radius-top-right:0px;--awb-border-radius-bottom-right:0px;--awb-border-radius-bottom-left:0px;--awb-padding-top:0px;--awb-padding-top-medium:40px;--awb-padding-bottom-medium:48px;--awb-padding-top-small:0px;--awb-padding-bottom-small:20px;--awb-flex-wrap:wrap;\" ><div class=\"fusion-builder-row fusion-row fusion-flex-align-items-stretch fusion-flex-justify-content-center fusion-flex-content-wrap\" style=\"max-width:1310.4px;margin-left: calc(-4% \/ 2 );margin-right: calc(-4% \/ 2 );\"><div class=\"fusion-layout-column fusion_builder_column fusion-builder-column-3 fusion_builder_column_3_5 3_5 fusion-flex-column\" style=\"--awb-bg-size:cover;--awb-width-large:60%;--awb-margin-top-large:20px;--awb-spacing-right-large:3.2%;--awb-margin-bottom-large:20px;--awb-spacing-left-large:3.2%;--awb-width-medium:66.666666666667%;--awb-order-medium:0;--awb-spacing-right-medium:2.88%;--awb-spacing-left-medium:2.88%;--awb-width-small:100%;--awb-order-small:0;--awb-spacing-right-small:1.92%;--awb-spacing-left-small:1.92%;\"><div class=\"fusion-column-wrapper fusion-column-has-shadow fusion-flex-justify-content-flex-start fusion-content-layout-column\"><div class=\"fusion-separator fusion-no-medium-visibility fusion-no-large-visibility fusion-full-width-sep\" style=\"align-self: center;margin-left: auto;margin-right: auto;margin-bottom:-60px;width:100%;\"><\/div><div class=\"fusion-text fusion-text-2\" style=\"--awb-text-transform:none;\"><p>Nos solutions commencent par la relation que nous b\u00e2tissons avec vous et votre entreprise. Nous proposons une gamme de syst\u00e8mes d\u2019inspection bas\u00e9s sur les technologies Vision, Gamma, Rayons X et Infrarouge. Nous travaillons avec vous afin de comprendre l\u2019ensemble de vos besoins en mati\u00e8re d\u2019inspection, de rejet et d\u2019\u00e9talonnage, et nous personnalisons l\u2019\u00e9quipement pour r\u00e9pondre \u00e0 vos exigences.  <\/p>\n<p>Nous prenons en charge tous les aspects d\u2019une mise en \u0153uvre r\u00e9ussie d\u2019\u00e9quipements cl\u00e9s en main : assistance \u00e0 la conception, achat, installation, mise en service et formation de votre personnel.<\/p>\n<p>Tous nos \u00e9quipements sont certifi\u00e9s CSA dans nos installations afin de r\u00e9pondre aux normes les plus \u00e9lev\u00e9es de l\u2019industrie. <strong>Omnifission<\/strong> s\u2019engage \u00e0 servir ses clients en leur fournissant des solutions r\u00e9pondant \u00e0 leurs exigences en mati\u00e8re d\u2019ing\u00e9nierie, de contr\u00f4le qualit\u00e9 et de codage. Nous fabriquons \u00e9galement une vaste gamme de syst\u00e8mes Vision sous la marque Omnicheck pour des clients canadiens et \u00e9trangers. Les produits Omnicheck sont install\u00e9s sur trois continents (Europe, Am\u00e9riques et Asie) et sont utilis\u00e9s par de grandes entreprises de brasserie et de boissons. Les \u00e9jecteurs Omniline sont les syst\u00e8mes de rejet les plus rapides et les plus fiables de l\u2019industrie, offrant un fonctionnement fiable \u00e0 des cadences allant jusqu\u2019\u00e0 3\u202f000 contenants\/minute.<\/p>\n<\/div><\/div><\/div><div class=\"fusion-layout-column fusion_builder_column fusion-builder-column-4 fusion_builder_column_2_5 2_5 fusion-flex-column fusion-column-inner-bg-wrapper\" style=\"--awb-overflow:hidden;--awb-inner-bg-color:#243d90;--awb-inner-bg-color-hover:#243d90;--awb-inner-bg-position:center center;--awb-inner-bg-blend:luminosity;--awb-inner-bg-size:cover;--awb-border-radius:16px 16px 16px 16px;--awb-inner-bg-border-radius:16px 16px 16px 16px;--awb-inner-bg-overflow:hidden;--awb-width-large:40%;--awb-margin-top-large:20px;--awb-spacing-right-large:30px;--awb-margin-bottom-large:20px;--awb-spacing-left-large:30px;--awb-width-medium:40%;--awb-order-medium:0;--awb-spacing-right-medium:30px;--awb-spacing-left-medium:30px;--awb-width-small:100%;--awb-order-small:0;--awb-margin-top-small:0px;--awb-spacing-right-small:1.92%;--awb-spacing-left-small:1.92%;\"><span class=\"fusion-column-inner-bg hover-type-zoomin\"><span class=\"fusion-column-anchor\"><span class=\"fusion-column-inner-bg-image lazyload\" data-bg=\"https:\/\/omnifission.com\/wp-content\/uploads\/Picture1-e1638822788990-300x257.jpg\"><\/span><\/span><\/span><div class=\"fusion-column-wrapper fusion-column-has-shadow fusion-flex-justify-content-flex-start fusion-content-layout-row fusion-flex-align-items-stretch fusion-empty-column-bg-image fusion-column-has-bg-image\" data-bg-url=\"https:\/\/omnifission.com\/wp-content\/uploads\/Picture1-e1638822788990-300x257.jpg\"><img decoding=\"async\" class=\"fusion-empty-dims-img-placeholder fusion-no-large-visibility fusion-no-medium-visibility\" aria-label=\"Picture1\" src=\"data:image\/svg+xml,%3Csvg%20xmlns%3D%27http%3A%2F%2Fwww.w3.org%2F2000%2Fsvg%27%20width%3D%27300%27%20height%3D%27257%27%20viewBox%3D%270%200%20300%20257%27%3E%3Crect%20width%3D%27300%27%20height%3D%27257%27%20fill-opacity%3D%220%22%2F%3E%3C%2Fsvg%3E\"><\/div><\/div><\/div><\/div><div class=\"fusion-fullwidth fullwidth-box fusion-builder-row-4 fusion-flex-container nonhundred-percent-fullwidth non-hundred-percent-height-scrolling\" style=\"--link_color: #ffffff;--awb-border-radius-top-left:0px;--awb-border-radius-top-right:0px;--awb-border-radius-bottom-right:0px;--awb-border-radius-bottom-left:0px;--awb-padding-top:20px;--awb-padding-bottom:20px;--awb-padding-top-small:40px;--awb-padding-right-small:20px;--awb-padding-bottom-small:0px;--awb-padding-left-small:20px;--awb-flex-wrap:wrap;\" ><div class=\"fusion-builder-row fusion-row fusion-flex-align-items-center fusion-flex-justify-content-center fusion-flex-content-wrap\" style=\"max-width:1310.4px;margin-left: calc(-4% \/ 2 );margin-right: calc(-4% \/ 2 );\"><div class=\"fusion-layout-column fusion_builder_column fusion-builder-column-5 fusion_builder_column_5_6 5_6 fusion-flex-column fusion-column-inner-bg-wrapper\" style=\"--awb-padding-top:5%;--awb-padding-right:6%;--awb-padding-bottom:5%;--awb-padding-left:6%;--awb-overflow:hidden;--awb-inner-bg-color:#17275c;--awb-inner-bg-color-hover:#17275c;--awb-inner-bg-size:cover;--awb-box-shadow:0px 24px 40px 0px rgba(0,29,48,0.24);;--awb-border-radius:24px 24px 24px 24px;--awb-inner-bg-border-radius:24px 24px 24px 24px;--awb-inner-bg-overflow:hidden;--awb-width-large:83.333333333333%;--awb-margin-top-large:20px;--awb-spacing-right-large:0%;--awb-margin-bottom-large:20px;--awb-spacing-left-large:0%;--awb-width-medium:83.333333333333%;--awb-order-medium:0;--awb-spacing-right-medium:0%;--awb-spacing-left-medium:0%;--awb-width-small:100%;--awb-order-small:0;--awb-spacing-right-small:1.92%;--awb-spacing-left-small:1.92%;\"><span class=\"fusion-column-inner-bg hover-type-zoomin\"><a class=\"fusion-column-anchor\" href=\"https:\/\/omnifission.com\/connect-with-us\/\"><span class=\"fusion-column-inner-bg-image\"><\/span><\/a><\/span><div class=\"fusion-column-wrapper fusion-column-has-shadow fusion-flex-justify-content-flex-start fusion-content-layout-column\"><div class=\"fusion-builder-row fusion-builder-row-inner fusion-row fusion-flex-align-items-center fusion-flex-justify-content-center fusion-flex-content-wrap\" style=\"width:104% !important;max-width:104% !important;margin-left: calc(-4% \/ 2 );margin-right: calc(-4% \/ 2 );\"><div class=\"fusion-layout-column fusion_builder_column_inner fusion-builder-nested-column-0 fusion_builder_column_inner_2_3 2_3 fusion-flex-column\" style=\"--awb-bg-size:cover;--awb-width-large:66.666666666667%;--awb-margin-top-large:12px;--awb-spacing-right-large:2.88%;--awb-margin-bottom-large:20px;--awb-spacing-left-large:2.88%;--awb-width-medium:60%;--awb-order-medium:0;--awb-spacing-right-medium:3.2%;--awb-spacing-left-medium:3.2%;--awb-width-small:100%;--awb-order-small:0;--awb-spacing-right-small:1.92%;--awb-margin-bottom-small:0px;--awb-spacing-left-small:1.92%;\"><div class=\"fusion-column-wrapper fusion-column-has-shadow fusion-flex-justify-content-flex-start fusion-content-layout-column\"><div class=\"fusion-title title fusion-title-2 fusion-sep-none fusion-title-text fusion-title-size-one\" style=\"--awb-text-color:#ffffff;\"><h1 class=\"fusion-title-heading title-heading-left sm-text-align-center fusion-responsive-typography-calculated\" style=\"margin:0;--fontSize:60;line-height:1.16;\">We can\u2019t wait to build a relationship with you.<\/h1><\/div><\/div><\/div><div class=\"fusion-layout-column fusion_builder_column_inner fusion-builder-nested-column-1 fusion_builder_column_inner_1_3 1_3 fusion-flex-column fusion-column-inner-bg-wrapper\" style=\"--awb-inner-bg-size:cover;--awb-width-large:33.333333333333%;--awb-margin-top-large:20px;--awb-spacing-right-large:5.76%;--awb-margin-bottom-large:20px;--awb-spacing-left-large:5.76%;--awb-width-medium:40%;--awb-order-medium:0;--awb-spacing-right-medium:4.8%;--awb-spacing-left-medium:4.8%;--awb-width-small:100%;--awb-order-small:0;--awb-spacing-right-small:1.92%;--awb-spacing-left-small:1.92%;\"><span class=\"fusion-column-inner-bg hover-type-none\"><a class=\"fusion-column-anchor\" href=\"https:\/\/omnifission.com\/connect-with-us\/\"><span class=\"fusion-column-inner-bg-image\"><\/span><\/a><\/span><div class=\"fusion-column-wrapper fusion-column-has-shadow fusion-flex-justify-content-flex-start fusion-content-layout-column\"><div style=\"text-align:center;\"><a class=\"fusion-button button-flat fusion-button-default-size button-default fusion-button-default button-1 fusion-button-span-yes fusion-button-default-type\" style=\"--button_text_transform:uppercase;\" target=\"_self\" href=\"https:\/\/omnifission.com\/connect-with-us\/\"><span class=\"fusion-button-text awb-button__text awb-button__text--default\">Connect with Us<\/span><\/a><\/div><\/div><\/div><\/div><\/div><\/div><\/div><\/div>\n<\/p>\n","protected":false},"excerpt":{"rendered":"","protected":false},"author":1,"featured_media":0,"parent":0,"menu_order":0,"comment_status":"closed","ping_status":"closed","template":"100-width.php","meta":{"footnotes":""},"class_list":["post-5763","page","type-page","status-publish","hentry"],"yoast_head":"<!-- This site is optimized with the Yoast SEO Premium plugin v26.6 (Yoast SEO v27.1.1) - https:\/\/yoast.com\/product\/yoast-seo-premium-wordpress\/ -->\n<title>Qui nous sommes - Omnifission<\/title>\n<meta name=\"robots\" content=\"index, follow, max-snippet:-1, max-image-preview:large, max-video-preview:-1\" \/>\n<link rel=\"canonical\" href=\"https:\/\/omnifission.com\/fr\/qui-nous-sommes\/\" \/>\n<meta property=\"og:locale\" content=\"fr_FR\" \/>\n<meta property=\"og:type\" content=\"article\" \/>\n<meta property=\"og:title\" content=\"Qui nous sommes\" \/>\n<meta property=\"og:url\" content=\"https:\/\/omnifission.com\/fr\/qui-nous-sommes\/\" \/>\n<meta property=\"og:site_name\" content=\"Omnifission\" \/>\n<meta property=\"article:modified_time\" content=\"2026-03-07T02:04:03+00:00\" \/>\n<meta name=\"twitter:card\" content=\"summary_large_image\" \/>\n<meta name=\"twitter:label1\" content=\"Dur\u00e9e de lecture estim\u00e9e\" \/>\n\t<meta name=\"twitter:data1\" content=\"12 minutes\" \/>\n<script type=\"application\/ld+json\" class=\"yoast-schema-graph\">{\"@context\":\"https:\/\/schema.org\",\"@graph\":[{\"@type\":\"WebPage\",\"@id\":\"https:\/\/omnifission.com\/fr\/qui-nous-sommes\/\",\"url\":\"https:\/\/omnifission.com\/fr\/qui-nous-sommes\/\",\"name\":\"Qui nous sommes - Omnifission\",\"isPartOf\":{\"@id\":\"https:\/\/omnifission.com\/fr\/#website\"},\"datePublished\":\"2020-08-20T17:50:18+00:00\",\"dateModified\":\"2026-03-07T02:04:03+00:00\",\"breadcrumb\":{\"@id\":\"https:\/\/omnifission.com\/fr\/qui-nous-sommes\/#breadcrumb\"},\"inLanguage\":\"fr-FR\",\"potentialAction\":[{\"@type\":\"ReadAction\",\"target\":[\"https:\/\/omnifission.com\/fr\/qui-nous-sommes\/\"]}]},{\"@type\":\"BreadcrumbList\",\"@id\":\"https:\/\/omnifission.com\/fr\/qui-nous-sommes\/#breadcrumb\",\"itemListElement\":[{\"@type\":\"ListItem\",\"position\":1,\"name\":\"Omnifission\",\"item\":\"https:\/\/omnifission.com\/fr\/omnifission\/\"},{\"@type\":\"ListItem\",\"position\":2,\"name\":\"Qui nous sommes\"}]},{\"@type\":\"WebSite\",\"@id\":\"https:\/\/omnifission.com\/fr\/#website\",\"url\":\"https:\/\/omnifission.com\/fr\/\",\"name\":\"Omnifission\",\"description\":\"Superior Quality Control Solutions\",\"potentialAction\":[{\"@type\":\"SearchAction\",\"target\":{\"@type\":\"EntryPoint\",\"urlTemplate\":\"https:\/\/omnifission.com\/fr\/?s={search_term_string}\"},\"query-input\":{\"@type\":\"PropertyValueSpecification\",\"valueRequired\":true,\"valueName\":\"search_term_string\"}}],\"inLanguage\":\"fr-FR\"}]}<\/script>\n<!-- \/ Yoast SEO Premium plugin. -->","yoast_head_json":{"title":"Qui nous sommes - Omnifission","robots":{"index":"index","follow":"follow","max-snippet":"max-snippet:-1","max-image-preview":"max-image-preview:large","max-video-preview":"max-video-preview:-1"},"canonical":"https:\/\/omnifission.com\/fr\/qui-nous-sommes\/","og_locale":"fr_FR","og_type":"article","og_title":"Qui nous sommes","og_url":"https:\/\/omnifission.com\/fr\/qui-nous-sommes\/","og_site_name":"Omnifission","article_modified_time":"2026-03-07T02:04:03+00:00","twitter_card":"summary_large_image","twitter_misc":{"Dur\u00e9e de lecture estim\u00e9e":"12 minutes"},"schema":{"@context":"https:\/\/schema.org","@graph":[{"@type":"WebPage","@id":"https:\/\/omnifission.com\/fr\/qui-nous-sommes\/","url":"https:\/\/omnifission.com\/fr\/qui-nous-sommes\/","name":"Qui nous sommes - Omnifission","isPartOf":{"@id":"https:\/\/omnifission.com\/fr\/#website"},"datePublished":"2020-08-20T17:50:18+00:00","dateModified":"2026-03-07T02:04:03+00:00","breadcrumb":{"@id":"https:\/\/omnifission.com\/fr\/qui-nous-sommes\/#breadcrumb"},"inLanguage":"fr-FR","potentialAction":[{"@type":"ReadAction","target":["https:\/\/omnifission.com\/fr\/qui-nous-sommes\/"]}]},{"@type":"BreadcrumbList","@id":"https:\/\/omnifission.com\/fr\/qui-nous-sommes\/#breadcrumb","itemListElement":[{"@type":"ListItem","position":1,"name":"Omnifission","item":"https:\/\/omnifission.com\/fr\/omnifission\/"},{"@type":"ListItem","position":2,"name":"Qui nous sommes"}]},{"@type":"WebSite","@id":"https:\/\/omnifission.com\/fr\/#website","url":"https:\/\/omnifission.com\/fr\/","name":"Omnifission","description":"Superior Quality Control Solutions","potentialAction":[{"@type":"SearchAction","target":{"@type":"EntryPoint","urlTemplate":"https:\/\/omnifission.com\/fr\/?s={search_term_string}"},"query-input":{"@type":"PropertyValueSpecification","valueRequired":true,"valueName":"search_term_string"}}],"inLanguage":"fr-FR"}]}},"_links":{"self":[{"href":"https:\/\/omnifission.com\/fr\/wp-json\/wp\/v2\/pages\/5763","targetHints":{"allow":["GET"]}}],"collection":[{"href":"https:\/\/omnifission.com\/fr\/wp-json\/wp\/v2\/pages"}],"about":[{"href":"https:\/\/omnifission.com\/fr\/wp-json\/wp\/v2\/types\/page"}],"author":[{"embeddable":true,"href":"https:\/\/omnifission.com\/fr\/wp-json\/wp\/v2\/users\/1"}],"replies":[{"embeddable":true,"href":"https:\/\/omnifission.com\/fr\/wp-json\/wp\/v2\/comments?post=5763"}],"version-history":[{"count":2,"href":"https:\/\/omnifission.com\/fr\/wp-json\/wp\/v2\/pages\/5763\/revisions"}],"predecessor-version":[{"id":5765,"href":"https:\/\/omnifission.com\/fr\/wp-json\/wp\/v2\/pages\/5763\/revisions\/5765"}],"wp:attachment":[{"href":"https:\/\/omnifission.com\/fr\/wp-json\/wp\/v2\/media?parent=5763"}],"curies":[{"name":"wp","href":"https:\/\/api.w.org\/{rel}","templated":true}]}}